{"id":254,"date":"2015-11-03T12:02:51","date_gmt":"2015-11-03T12:02:51","guid":{"rendered":"http:\/\/www.ziemelmeita.fi\/lv\/yhteystiedot\/"},"modified":"2026-02-05T13:54:31","modified_gmt":"2026-02-05T11:54:31","slug":"kontakti","status":"publish","type":"page","link":"https:\/\/www.ziemelmeita.fi\/lv\/kontakti\/","title":{"rendered":"Kontakti"},"content":{"rendered":"<div class=\"wpb-content-wrapper\"><p>[vc_row full_width=&#8221;stretch_row_content_no_spaces&#8221; css=&#8221;.vc_custom_1653428066741{margin-bottom: 0px !important;}&#8221;][vc_column][vc_single_image image=&#8221;2502&#8243; img_size=&#8221;full&#8221; alignment=&#8221;center&#8221; css_animation=&#8221;fadeIn&#8221;][\/vc_column][\/vc_row][vc_row css=&#8221;.vc_custom_1458219648359{background-color: #ffffff !important;}&#8221;][vc_column][vc_empty_space height=&#8221;40&#8243;][vc_custom_heading text=&#8221;Kontakti&#8221; font_container=&#8221;tag:h2|text_align:center&#8221; use_theme_fonts=&#8221;yes&#8221;][vc_empty_space height=&#8221;32&#8243;][vc_text_separator title=&#8221;&#8221; i_icon_fontawesome=&#8221;fa fa-music&#8221; i_color=&#8221;grey&#8221; add_icon=&#8221;true&#8221;][vc_empty_space height=&#8221;10&#8243;][vc_row_inner][vc_column_inner width=&#8221;1\/3&#8243;][vc_column_text]<\/p>\n<p class=\"p1\"><strong><span class=\"s1\">M\u0101kslinieciskais vad\u012bt\u0101js<\/span><\/strong><\/p>\n<p class=\"p1\"><span class=\"s1\">Oskars Jeske<\/span><\/p>\n<p class=\"p1\"><span class=\"s1\">e-pasts: oskars.jeske@gmail.com<\/span><\/p>\n<p>[\/vc_column_text][\/vc_column_inner][vc_column_inner width=&#8221;1\/3&#8243;][vc_column_text]<\/p>\n<p class=\"p1\"><strong><span class=\"s1\">Valdes locekle (kora vec\u0101k\u0101)<\/span><\/strong><\/p>\n<p class=\"p1\"><span class=\"s1\">Liene Bulava<\/span><\/p>\n<p class=\"p1\"><span class=\"s1\">tel:\u00a0<\/span><span class=\"s1\">+358 414708332 ; +371 26545375<\/span><\/p>\n<p class=\"p3\"><span class=\"s2\">e-pasts:\u00a0<span class=\"s3\">liene.bulava@gmail.com<a href=\"mailto:inese.huttunen@gmail.com\"><br \/>\n<\/a><\/span><\/span><span class=\"s1\">\u00a0 \u00a0 \u00a0 \u00a0 \u00a0 \u00a0 \u00a0\u00a0<\/span><\/p>\n<p>[\/vc_column_text][\/vc_column_inner][vc_column_inner width=&#8221;1\/3&#8243;][vc_column_text]<\/p>\n<p class=\"p1\"><strong><span class=\"s1\">Valdes locekle (kora finan\u0161u p\u0101rzine)<\/span><\/strong><\/p>\n<p class=\"p1\"><span class=\"s1\">Aiga Liezere-Sillanp\u00e4\u00e4<\/span><\/p>\n<p class=\"p1\"><span class=\"s1\">Tel: +358505748539<\/span><\/p>\n<p class=\"p1\"><span class=\"s1\">e-pasts: <a href=\"mailto:aiga.liezere@gmail.com\">aiga.liezere@gmail.com<\/a><\/span><\/p>\n<p>[\/vc_column_text][\/vc_column_inner][\/vc_row_inner][vc_empty_space][vc_custom_heading text=&#8221;Inform\u0101cijai&#8221; font_container=&#8221;tag:h2|text_align:center&#8221; use_theme_fonts=&#8221;yes&#8221;][vc_empty_space height=&#8221;32&#8243;][vc_text_separator title=&#8221;&#8221; i_icon_fontawesome=&#8221;fa fa-music&#8221; i_color=&#8221;grey&#8221; add_icon=&#8221;true&#8221;][vc_row_inner][vc_column_inner width=&#8221;1\/2&#8243;][vc_column_text]<\/p>\n<p class=\"p1\" style=\"text-align: justify;\"><span class=\"s1\">Koris \u201cZieme\u013cmeita\u201d darbojas latvie\u0161u-somu biedr\u012bbas \u201cLaivas\u201d pasp\u0101rn\u0113.<\/span><\/p>\n<p class=\"p1\" style=\"text-align: justify;\"><span class=\"s1\">Kora m\u0113\u0123in\u0101jumi notiek reizi ned\u0113\u013c\u0101 (ceturtdien\u0101s) Latvijas v\u0113stniec\u012bb<\/span><span class=\"s2\">as<\/span><span class=\"s1\"> Somij\u0101 <\/span><span class=\"s2\">telp\u0101s<\/span><span class=\"s1\">, Armfeltintie 10, Helsinkos. Kora jaunu dal\u012bbnieku uz\u0146em\u0161ana notiek divas reizes gad\u0101, uzs\u0101kot rudens un pavasara sezonas.<\/span><\/p>\n<p>&nbsp;<\/p>\n<p><strong>Rekviz\u012bti, ja v\u0113laties atbalst\u012bt kori ar ziedojumu:<\/strong><\/p>\n<p class=\"p1\" style=\"text-align: justify;\"><span class=\"s1\">Sa\u0146\u0113m\u0113js: Latvialais-suomalaisten perheiden yhdistys Laivas<\/span><\/p>\n<p class=\"p1\" style=\"text-align: justify;\"><span class=\"s1\">Re\u0123istr\u0101cijas <\/span><span class=\"s2\">numurs<\/span><span class=\"s1\">: 193737<\/span><\/p>\n<p class=\"p1\" style=\"text-align: justify;\"><span class=\"s1\">Adrese: Kalliom\u00e4entie 25, Espoo, 02920 Somija<\/span><\/p>\n<p class=\"p1\" style=\"text-align: justify;\"><span class=\"s2\">Banka:<\/span><span class=\"s1\"> NORDEA, SWIFT\/BIC<\/span><span class=\"s2\">:<\/span><span class=\"s1\"> NDEAFIHH <\/span><\/p>\n<p class=\"p1\" style=\"text-align: justify;\"><span class=\"s1\">Konts: FI74 1244 3000 1139 67<\/span><\/p>\n<p class=\"p1\" style=\"text-align: justify;\"><span class=\"s2\">Reference: 2016 047<\/span><\/p>\n<p>[\/vc_column_text][\/vc_column_inner][vc_column_inner width=&#8221;1\/2&#8243;][vc_gmaps link=&#8221;#E-8_JTNDaWZyYW1lJTIwc3JjJTNEJTIyaHR0cHMlM0ElMkYlMkZ3d3cuZ29vZ2xlLmNvbSUyRm1hcHMlMkZlbWJlZCUzRnBiJTNEJTIxMW0xOCUyMTFtMTIlMjExbTMlMjExZDE5ODUuNDY5NTk5NDAyNDI1NyUyMTJkMjQuOTM3MDIyNTE1NTQ4MDA1JTIxM2Q2MC4xNTY0MDQ0NTE0NzU0NCUyMTJtMyUyMTFmMCUyMTJmMCUyMTNmMCUyMTNtMiUyMTFpMTAyNCUyMTJpNzY4JTIxNGYxMy4xJTIxM20zJTIxMW0yJTIxMXMweDQ2OTIwYmI3MmZhMzllZjElMjUzQTB4ZDU2NzJlMmQ5NmM5MmEzJTIxMnNBcm1mZWx0aW50aWUlMkIxMCUyNTJDJTJCMDAxNTAlMkJIZWxzaW5raSUyNTJDJTJCRmlubGFuZCUyMTVlMCUyMTNtMiUyMTFzZW4lMjEyc2x2JTIxNHYxNDcyMDMzNTg5Mzk0JTIyJTIwd2lkdGglM0QlMjI2MDAlMjIlMjBoZWlnaHQlM0QlMjIzNTAlMjIlMjBmcmFtZWJvcmRlciUzRCUyMjAlMjIlMjBzdHlsZSUzRCUyMmJvcmRlciUzQTAlMjIlMjBhbGxvd2Z1bGxzY3JlZW4lM0UlM0MlMkZpZnJhbWUlM0U=&#8221;][\/vc_column_inner][\/vc_row_inner][vc_empty_space][\/vc_column][\/vc_row][vc_row][vc_column]<div class=\"templatera_shortcode\"><style type=\"text\/css\" data-type=\"vc_shortcodes-custom-css\">.vc_custom_1516615705371{background-color: #efefef !important;}.vc_custom_1573559678100{margin-bottom: -32px !important;background-color: #efefef !important;}.vc_custom_1573559678100{margin-bottom: -32px !important;background-color: #efefef !important;}<\/style><div data-vc-full-width=\"true\" data-vc-full-width-init=\"false\" class=\"vc_row wpb_row vc_row-fluid vc_custom_1516615705371 vc_row-has-fill\"><div class=\"wpb_column vc_column_container vc_col-sm-12\"><div class=\"vc_column-inner\"><div class=\"wpb_wrapper\"><h4 style=\"text-align: left\" class=\"vc_custom_heading\" >Kori Zieme\u013cmeita atbalsta<\/h4><\/div><\/div><\/div><\/div><div class=\"vc_row-full-width vc_clearfix\"><\/div><div data-vc-full-width=\"true\" data-vc-full-width-init=\"false\" class=\"vc_row wpb_row vc_row-fluid logorow vc_custom_1573559678100 vc_row-has-fill vc_row-o-content-middle vc_row-flex\"><div class=\"wpb_column vc_column_container vc_col-sm-6 vc_col-lg-offset-2 vc_col-lg-2 vc_col-md-3 vc_col-xs-6\"><div class=\"vc_column-inner\"><div class=\"wpb_wrapper\">\n\t<div  class=\"wpb_single_image wpb_content_element vc_align_center  wpb_animate_when_almost_visible wpb_appear appear\">\n\t\t\n\t\t<figure class=\"wpb_wrapper vc_figure\">\n\t\t\t<a href=\"http:\/\/www.espoo.fi\/fi-FI\" target=\"_blank\" class=\"vc_single_image-wrapper   vc_box_border_grey\"><img loading=\"lazy\" decoding=\"async\" width=\"200\" height=\"100\" src=\"https:\/\/www.ziemelmeita.fi\/wp-content\/uploads\/2015\/11\/Espoo-atbalstitaja-logo.png\" class=\"vc_single_image-img attachment-full\" alt=\"\" title=\"Espoo-atbalstitaja-logo\" \/><\/a>\n\t\t<\/figure>\n\t<\/div>\n<\/div><\/div><\/div><div class=\"wpb_column vc_column_container vc_col-sm-6 vc_col-lg-2 vc_col-md-3 vc_col-xs-6\"><div class=\"vc_column-inner\"><div class=\"wpb_wrapper\">\n\t<div  class=\"wpb_single_image wpb_content_element vc_align_center  wpb_animate_when_almost_visible wpb_appear appear\">\n\t\t\n\t\t<figure class=\"wpb_wrapper vc_figure\">\n\t\t\t<a href=\"http:\/\/www.mfa.gov.lv\/helsinki\" target=\"_blank\" class=\"vc_single_image-wrapper   vc_box_border_grey\"><img loading=\"lazy\" decoding=\"async\" width=\"200\" height=\"100\" src=\"https:\/\/www.ziemelmeita.fi\/wp-content\/uploads\/2015\/11\/Vestnieciba-atbalstitaja-logo.png\" class=\"vc_single_image-img attachment-full\" alt=\"\" title=\"Vestnieciba-atbalstitaja-logo\" \/><\/a>\n\t\t<\/figure>\n\t<\/div>\n<\/div><\/div><\/div><div class=\"wpb_column vc_column_container vc_col-sm-6 vc_col-lg-2 vc_col-md-3 vc_col-xs-6\"><div class=\"vc_column-inner\"><div class=\"wpb_wrapper\">\n\t<div  class=\"wpb_single_image wpb_content_element vc_align_center  wpb_animate_when_almost_visible wpb_appear appear\">\n\t\t\n\t\t<figure class=\"wpb_wrapper vc_figure\">\n\t\t\t<a href=\"https:\/\/www.km.gov.lv\/lv\" target=\"_blank\" class=\"vc_single_image-wrapper   vc_box_border_grey\"><img loading=\"lazy\" decoding=\"async\" width=\"200\" height=\"100\" src=\"https:\/\/www.ziemelmeita.fi\/wp-content\/uploads\/2015\/11\/KM-atbalstitaja-logo.png\" class=\"vc_single_image-img attachment-full\" alt=\"\" title=\"KM-atbalstitaja-logo\" \/><\/a>\n\t\t<\/figure>\n\t<\/div>\n<\/div><\/div><\/div><div class=\"wpb_column vc_column_container vc_col-sm-6 vc_col-lg-2 vc_col-md-3 vc_col-xs-6\"><div class=\"vc_column-inner\"><div class=\"wpb_wrapper\">\n\t<div  class=\"wpb_single_image wpb_content_element vc_align_center  wpb_animate_when_almost_visible wpb_appear appear\">\n\t\t\n\t\t<figure class=\"wpb_wrapper vc_figure\">\n\t\t\t<a href=\"https:\/\/www.mfa.gov.lv\/lv\" target=\"_blank\" class=\"vc_single_image-wrapper   vc_box_border_grey\"><img loading=\"lazy\" decoding=\"async\" width=\"200\" height=\"100\" src=\"https:\/\/www.ziemelmeita.fi\/wp-content\/uploads\/2015\/11\/AM-atbalstitaja-logo-1.png\" class=\"vc_single_image-img attachment-full\" alt=\"\" title=\"AM-atbalstitaja-logo\" \/><\/a>\n\t\t<\/figure>\n\t<\/div>\n<\/div><\/div><\/div><\/div><div class=\"vc_row-full-width vc_clearfix\"><\/div><div data-vc-full-width=\"true\" data-vc-full-width-init=\"false\" class=\"vc_row wpb_row vc_row-fluid logorow vc_custom_1573559678100 vc_row-has-fill vc_row-o-content-middle vc_row-flex\"><div class=\"wpb_column vc_column_container vc_col-sm-6 vc_col-lg-offset-2 vc_col-lg-2 vc_col-md-3 vc_col-xs-6\"><div class=\"vc_column-inner\"><div class=\"wpb_wrapper\">\n\t<div  class=\"wpb_single_image wpb_content_element vc_align_center  wpb_animate_when_almost_visible wpb_appear appear\">\n\t\t\n\t\t<figure class=\"wpb_wrapper vc_figure\">\n\t\t\t<a href=\"https:\/\/www.dsh.fi\" target=\"_blank\" class=\"vc_single_image-wrapper   vc_box_border_grey\"><img loading=\"lazy\" decoding=\"async\" width=\"200\" height=\"100\" src=\"https:\/\/www.ziemelmeita.fi\/wp-content\/uploads\/2015\/11\/DSH-atbalstitaja-logo.png\" class=\"vc_single_image-img attachment-full\" alt=\"\" title=\"DSH-atbalstitaja-logo\" \/><\/a>\n\t\t<\/figure>\n\t<\/div>\n<\/div><\/div><\/div><div class=\"wpb_column vc_column_container vc_col-sm-6 vc_col-lg-2 vc_col-md-3 vc_col-xs-6\"><div class=\"vc_column-inner\"><div class=\"wpb_wrapper\">\n\t<div  class=\"wpb_single_image wpb_content_element vc_align_center  wpb_animate_when_almost_visible wpb_appear appear\">\n\t\t\n\t\t<figure class=\"wpb_wrapper vc_figure\">\n\t\t\t<a href=\"https:\/\/www.pbla.lv\/\" target=\"_blank\" class=\"vc_single_image-wrapper   vc_box_border_grey\"><img loading=\"lazy\" decoding=\"async\" width=\"200\" height=\"100\" src=\"https:\/\/www.ziemelmeita.fi\/wp-content\/uploads\/2015\/11\/PBLA-atbalstitaja-logo.png\" class=\"vc_single_image-img attachment-full\" alt=\"\" title=\"PBLA-atbalstitaja-logo\" \/><\/a>\n\t\t<\/figure>\n\t<\/div>\n<\/div><\/div><\/div><div class=\"wpb_column vc_column_container vc_col-sm-6 vc_col-lg-2 vc_col-md-3 vc_col-xs-6\"><div class=\"vc_column-inner\"><div class=\"wpb_wrapper\">\n\t<div  class=\"wpb_single_image wpb_content_element vc_align_center  wpb_animate_when_almost_visible wpb_appear appear\">\n\t\t\n\t\t<figure class=\"wpb_wrapper vc_figure\">\n\t\t\t<a href=\"https:\/\/www.ifolor.fi\/\" target=\"_blank\" class=\"vc_single_image-wrapper   vc_box_border_grey\"><img loading=\"lazy\" decoding=\"async\" width=\"200\" height=\"100\" src=\"https:\/\/www.ziemelmeita.fi\/wp-content\/uploads\/2015\/11\/Ifolor-atbalstitaja-logo.png\" class=\"vc_single_image-img attachment-full\" alt=\"\" title=\"Ifolor-atbalstitaja-logo\" \/><\/a>\n\t\t<\/figure>\n\t<\/div>\n<\/div><\/div><\/div><div class=\"wpb_column vc_column_container vc_col-sm-6 vc_col-lg-2 vc_col-md-3 vc_col-xs-6\"><div class=\"vc_column-inner\"><div class=\"wpb_wrapper\">\n\t<div  class=\"wpb_single_image wpb_content_element vc_align_center  wpb_animate_when_almost_visible wpb_appear appear\">\n\t\t\n\t\t<figure class=\"wpb_wrapper vc_figure\">\n\t\t\t<a href=\"https:\/\/www.nordiskkulturkontakt.org\/\" target=\"_blank\" class=\"vc_single_image-wrapper   vc_box_border_grey\"><img loading=\"lazy\" decoding=\"async\" width=\"200\" height=\"100\" src=\"https:\/\/www.ziemelmeita.fi\/wp-content\/uploads\/2015\/11\/NBMP-atbalstitaja-logo.png\" class=\"vc_single_image-img attachment-full\" alt=\"\" title=\"NBMP-atbalstitaja-logo\" \/><\/a>\n\t\t<\/figure>\n\t<\/div>\n<\/div><\/div><\/div><\/div><div class=\"vc_row-full-width vc_clearfix\"><\/div><\/div>[\/vc_column][\/vc_row]<\/p>\n<\/div>","protected":false},"excerpt":{"rendered":"Kontakti M\u0101kslinieciskais vad\u012bt\u0101js Oskars Jeske e-pasts: oskars.jeske@gmail.com Valdes locekle (kora vec\u0101k\u0101) Liene Bulava tel:\u00a0+358 414708332 ; +371 26545375 e-pasts:\u00a0liene.bulava@gmail.com \u00a0 \u00a0 \u00a0 \u00a0 \u00a0 \u00a0 \u00a0\u00a0 Valdes locekle (kora finan\u0161u p\u0101rzine) Aiga Liezere-Sillanp\u00e4\u00e4 Tel: +358505748539 e-pasts: aiga.liezere@gmail.com Inform\u0101cijai Koris \u201cZieme\u013cmeita\u201d darbojas latvie\u0161u-somu biedr\u012bbas \u201cLaivas\u201d pasp\u0101rn\u0113. Kora m\u0113\u0123in\u0101jumi notiek reizi ned\u0113\u013c\u0101 (ceturtdien\u0101s) Latvijas v\u0113stniec\u012bbas Somij\u0101 telp\u0101s, [...]","protected":false},"author":1,"featured_media":0,"parent":0,"menu_order":0,"comment_status":"closed","ping_status":"closed","template":"","meta":{"footnotes":""},"class_list":["post-254","page","type-page","status-publish","hentry"],"yoast_head":"<!-- This site is optimized with the Yoast SEO plugin v22.6 - https:\/\/yoast.com\/wordpress\/plugins\/seo\/ -->\n<title>Kontakti - Kuoro Zieme\u013cmeita<\/title>\n<meta name=\"robots\" content=\"index, follow, max-snippet:-1, max-image-preview:large, max-video-preview:-1\" \/>\n<link rel=\"canonical\" href=\"https:\/\/www.ziemelmeita.fi\/lv\/kontakti\/\" \/>\n<meta property=\"og:locale\" content=\"lv_LV\" \/>\n<meta property=\"og:type\" content=\"article\" \/>\n<meta property=\"og:title\" content=\"Kontakti - Kuoro Zieme\u013cmeita\" \/>\n<meta property=\"og:url\" content=\"https:\/\/www.ziemelmeita.fi\/lv\/kontakti\/\" \/>\n<meta property=\"og:site_name\" content=\"Kuoro Zieme\u013cmeita\" \/>\n<meta property=\"article:publisher\" content=\"https:\/\/www.facebook.com\/korisziemelmeita\/\" \/>\n<meta property=\"article:modified_time\" content=\"2026-02-05T11:54:31+00:00\" \/>\n<meta name=\"twitter:card\" content=\"summary_large_image\" \/>\n<meta name=\"twitter:label1\" content=\"Est. reading time\" \/>\n\t<meta name=\"twitter:data1\" content=\"1 min\u016b\u0161u\" \/>\n<script type=\"application\/ld+json\" class=\"yoast-schema-graph\">{\"@context\":\"https:\/\/schema.org\",\"@graph\":[{\"@type\":\"WebPage\",\"@id\":\"https:\/\/www.ziemelmeita.fi\/lv\/kontakti\/\",\"url\":\"https:\/\/www.ziemelmeita.fi\/lv\/kontakti\/\",\"name\":\"Kontakti - Kuoro Zieme\u013cmeita\",\"isPartOf\":{\"@id\":\"https:\/\/www.ziemelmeita.fi\/#website\"},\"datePublished\":\"2015-11-03T12:02:51+00:00\",\"dateModified\":\"2026-02-05T11:54:31+00:00\",\"breadcrumb\":{\"@id\":\"https:\/\/www.ziemelmeita.fi\/lv\/kontakti\/#breadcrumb\"},\"inLanguage\":\"lv-LV\",\"potentialAction\":[{\"@type\":\"ReadAction\",\"target\":[\"https:\/\/www.ziemelmeita.fi\/lv\/kontakti\/\"]}]},{\"@type\":\"BreadcrumbList\",\"@id\":\"https:\/\/www.ziemelmeita.fi\/lv\/kontakti\/#breadcrumb\",\"itemListElement\":[{\"@type\":\"ListItem\",\"position\":1,\"name\":\"Home\",\"item\":\"https:\/\/www.ziemelmeita.fi\/lv\/\"},{\"@type\":\"ListItem\",\"position\":2,\"name\":\"Kontakti\"}]},{\"@type\":\"WebSite\",\"@id\":\"https:\/\/www.ziemelmeita.fi\/#website\",\"url\":\"https:\/\/www.ziemelmeita.fi\/\",\"name\":\"Kuoro Zieme\u013cmeita\",\"description\":\"Koris Zieme\u013cmeita\",\"potentialAction\":[{\"@type\":\"SearchAction\",\"target\":{\"@type\":\"EntryPoint\",\"urlTemplate\":\"https:\/\/www.ziemelmeita.fi\/?s={search_term_string}\"},\"query-input\":\"required name=search_term_string\"}],\"inLanguage\":\"lv-LV\"}]}<\/script>\n<!-- \/ Yoast SEO plugin. -->","yoast_head_json":{"title":"Kontakti - Kuoro Zieme\u013cmeita","robots":{"index":"index","follow":"follow","max-snippet":"max-snippet:-1","max-image-preview":"max-image-preview:large","max-video-preview":"max-video-preview:-1"},"canonical":"https:\/\/www.ziemelmeita.fi\/lv\/kontakti\/","og_locale":"lv_LV","og_type":"article","og_title":"Kontakti - Kuoro Zieme\u013cmeita","og_url":"https:\/\/www.ziemelmeita.fi\/lv\/kontakti\/","og_site_name":"Kuoro Zieme\u013cmeita","article_publisher":"https:\/\/www.facebook.com\/korisziemelmeita\/","article_modified_time":"2026-02-05T11:54:31+00:00","twitter_card":"summary_large_image","twitter_misc":{"Est. reading time":"1 min\u016b\u0161u"},"schema":{"@context":"https:\/\/schema.org","@graph":[{"@type":"WebPage","@id":"https:\/\/www.ziemelmeita.fi\/lv\/kontakti\/","url":"https:\/\/www.ziemelmeita.fi\/lv\/kontakti\/","name":"Kontakti - Kuoro Zieme\u013cmeita","isPartOf":{"@id":"https:\/\/www.ziemelmeita.fi\/#website"},"datePublished":"2015-11-03T12:02:51+00:00","dateModified":"2026-02-05T11:54:31+00:00","breadcrumb":{"@id":"https:\/\/www.ziemelmeita.fi\/lv\/kontakti\/#breadcrumb"},"inLanguage":"lv-LV","potentialAction":[{"@type":"ReadAction","target":["https:\/\/www.ziemelmeita.fi\/lv\/kontakti\/"]}]},{"@type":"BreadcrumbList","@id":"https:\/\/www.ziemelmeita.fi\/lv\/kontakti\/#breadcrumb","itemListElement":[{"@type":"ListItem","position":1,"name":"Home","item":"https:\/\/www.ziemelmeita.fi\/lv\/"},{"@type":"ListItem","position":2,"name":"Kontakti"}]},{"@type":"WebSite","@id":"https:\/\/www.ziemelmeita.fi\/#website","url":"https:\/\/www.ziemelmeita.fi\/","name":"Kuoro Zieme\u013cmeita","description":"Koris Zieme\u013cmeita","potentialAction":[{"@type":"SearchAction","target":{"@type":"EntryPoint","urlTemplate":"https:\/\/www.ziemelmeita.fi\/?s={search_term_string}"},"query-input":"required name=search_term_string"}],"inLanguage":"lv-LV"}]}},"_links":{"self":[{"href":"https:\/\/www.ziemelmeita.fi\/lv\/wp-json\/wp\/v2\/pages\/254","targetHints":{"allow":["GET"]}}],"collection":[{"href":"https:\/\/www.ziemelmeita.fi\/lv\/wp-json\/wp\/v2\/pages"}],"about":[{"href":"https:\/\/www.ziemelmeita.fi\/lv\/wp-json\/wp\/v2\/types\/page"}],"author":[{"embeddable":true,"href":"https:\/\/www.ziemelmeita.fi\/lv\/wp-json\/wp\/v2\/users\/1"}],"replies":[{"embeddable":true,"href":"https:\/\/www.ziemelmeita.fi\/lv\/wp-json\/wp\/v2\/comments?post=254"}],"version-history":[{"count":45,"href":"https:\/\/www.ziemelmeita.fi\/lv\/wp-json\/wp\/v2\/pages\/254\/revisions"}],"predecessor-version":[{"id":3609,"href":"https:\/\/www.ziemelmeita.fi\/lv\/wp-json\/wp\/v2\/pages\/254\/revisions\/3609"}],"wp:attachment":[{"href":"https:\/\/www.ziemelmeita.fi\/lv\/wp-json\/wp\/v2\/media?parent=254"}],"curies":[{"name":"wp","href":"https:\/\/api.w.org\/{rel}","templated":true}]}}